{"id":751,"date":"2019-11-04T13:56:22","date_gmt":"2019-11-04T12:56:22","guid":{"rendered":"https:\/\/fz-wattstrasse.pfefferwerk.de\/?page_id=751"},"modified":"2024-02-13T08:50:38","modified_gmt":"2024-02-13T07:50:38","slug":"datenschutz","status":"publish","type":"page","link":"https:\/\/fz-wattstrasse.pfefferwerk.de\/index.php\/datenschutz\/","title":{"rendered":"Datenschutz"},"content":{"rendered":"\n<p><strong>1. Erhebung und Speicherung personenbezogener Daten sowie Art und Zweck von deren Verwendung<\/strong><\/p>\n\n\n\n<p>a) Beim Besuch der Website<\/p>\n\n\n\n<p>Beim Aufrufen unserer Website fzws.pfefferwerk.de werden durch den auf Ihrem Endger\u00e4t zum Einsatz kommenden Browser automatisch Informationen an den Server unserer Website gesendet. Diese Informationen werden tempor\u00e4r in einem sogenannten Logfile gespeichert. Folgende Informationen werden dabei ohne Ihr Zutun erfasst und bis zur automatisierten L\u00f6schung gespeichert:<\/p>\n\n\n\n<p>\u2013 IP-Adresse des anfragenden Rechners,<br>\u2013 Datum und Uhrzeit des Zugriffs,<br>\u2013 Name und URL der abgerufenen Datei,<br>\u2013 Website, von der aus der Zugriff erfolgt (Referrer-URL),<br>\u2013 verwendeter Browser und ggf. das Betriebssystem Ihres Rechners sowie der Name Ihres Access-Providers.<\/p>\n\n\n\n<p>Die genannten Daten werden durch uns zu folgenden Zwecken verarbeitet:<\/p>\n\n\n\n<p>\u2013 Gew\u00e4hrleistung eines reibungslosen Verbindungsaufbaus der Website,<br>\u2013 Gew\u00e4hrleistung einer komfortablen Nutzung unserer Website,<br>\u2013 Auswertung der Systemsicherheit und -stabilit\u00e4t sowie<br>\u2013 zu weiteren administrativen Zwecken.<\/p>\n\n\n\n<p>Die Rechtsgrundlage f\u00fcr die Datenverarbeitung ist Art. 6 Abs. 1 S. 1 lit. f DSGVO. Unser berechtigtes Interesse folgt aus oben aufgelisteten Zwecken zur Datenerhebung. In keinem Fall verwenden wir die erhobenen Daten zu dem Zweck, R\u00fcckschl\u00fcsse auf Ihre Person zu ziehen. Dar\u00fcber hinaus setzen wir beim Besuch unserer Website Cookies sowie Analysedienste ein. N\u00e4here Erl\u00e4uterungen dazu erhalten Sie unter den Ziff. 4 und 5 dieser Datenschutzerkl\u00e4rung.<\/p>\n\n\n\n<p>c) Bei Nutzung unserer Kontaktadressen<\/p>\n\n\n\n<p>Bei Fragen jeglicher Art bieten wir Ihnen die M\u00f6glichkeit, mit uns per E-Mail Kontakt aufzunehmen. Dabei ist die Angabe einer g\u00fcltigen E-Mail-Adresse erforderlich, damit wir wissen, von wem die Anfrage stammt und um diese beantworten zu k\u00f6nnen. Weitere Angaben k\u00f6nnen freiwillig get\u00e4tigt werden.<\/p>\n\n\n\n<p>Die Datenverarbeitung zum Zwecke der Kontaktaufnahme mit uns erfolgt nach Art. 6 Abs. 1 S. 1 lit. a DSGVO auf Grundlage Ihrer freiwillig erteilten Einwilligung. Die von uns erhobenen personenbezogenen Daten werden nach Erledigung der von Ihnen gestellten Anfrage gel\u00f6scht.<\/p>\n\n\n\n<p><strong>2. Weitergabe von Daten<\/strong><\/p>\n\n\n\n<p>Eine \u00dcbermittlung Ihrer pers\u00f6nlichen Daten an Dritte zu anderen als den im Folgenden aufgef\u00fchrten Zwecken findet nicht statt.<\/p>\n\n\n\n<p>Wir geben Ihre pers\u00f6nlichen Daten nur an Dritte weiter, wenn:<\/p>\n\n\n\n<p>\u2013 Sie Ihre nach Art. 6 Abs. 1 S. 1 lit. a DSGVO ausdr\u00fcckliche Einwilligung dazu erteilt haben,<br>\u2013 die Weitergabe nach Art. 6 Abs. 1 S. 1 lit. f DSGVO zur Geltendmachung, Aus\u00fcbung oder Verteidigung von Rechtsanspr\u00fcchen erforderlich ist und kein Grund zur Annahme besteht, dass Sie ein \u00fcberwiegendes schutzw\u00fcrdiges Interesse an der Nichtweitergabe Ihrer Daten haben,<br>\u2013 f\u00fcr den Fall, dass f\u00fcr die Weitergabe nach Art. 6 Abs. 1 S. 1 lit. c DSGVO eine gesetzliche Verpflichtung besteht, sowie<br>\u2013 dies gesetzlich zul\u00e4ssig und nach Art. 6 Abs. 1 S. 1 lit. b DSGVO f\u00fcr die Abwicklung von Vertragsverh\u00e4ltnissen mit Ihnen erforderlich ist.<\/p>\n\n\n\n<p><strong>3. Cookies<\/strong><\/p>\n\n\n\n<p>Wir setzen auf unserer Seite Cookies ein. Hierbei handelt es sich um kleine Dateien, die Ihr Browser automatisch erstellt und die auf Ihrem Endger\u00e4t (Laptop, Tablet, Smartphone o.\u00e4.) gespeichert werden, wenn Sie unsere Seite besuchen. Cookies richten auf Ihrem Endger\u00e4t keinen Schaden an, enthalten keine Viren, Trojaner oder sonstige Schadsoftware.<\/p>\n\n\n\n<p>In dem Cookie werden Informationen abgelegt, die sich jeweils im Zusammenhang mit dem spezifisch eingesetzten Endger\u00e4t ergeben. Dies bedeutet jedoch nicht, dass wir dadurch unmittelbar Kenntnis von Ihrer Identit\u00e4t erhalten.<\/p>\n\n\n\n<p>Der Einsatz von Cookies dient einerseits dazu, die Nutzung unseres Angebots f\u00fcr Sie angenehmer zu gestalten. So setzen wir sogenannte Session-Cookies ein, um zu erkennen, dass Sie einzelne Seiten unserer Website bereits besucht haben. Diese werden nach Verlassen unserer Seite automatisch gel\u00f6scht.<\/p>\n\n\n\n<p>Dar\u00fcber hinaus setzen wir ebenfalls zur Optimierung der Benutzerfreundlichkeit tempor\u00e4re Cookies ein, die f\u00fcr einen bestimmten festgelegten Zeitraum auf Ihrem Endger\u00e4t gespeichert werden. Besuchen Sie unsere Seite erneut, um unsere Dienste in Anspruch zu nehmen, wird automatisch erkannt, dass Sie bereits bei uns waren und welche Eingaben und Einstellungen sie get\u00e4tigt haben, um diese nicht noch einmal eingeben zu m\u00fcssen.<\/p>\n\n\n\n<p>Zum anderen setzten wir Cookies ein, um die Nutzung unserer Website statistisch zu erfassen und zum Zwecke der Optimierung unseres Angebotes f\u00fcr Sie auszuwerten (siehe Ziff. 5). Diese Cookies erm\u00f6glichen es uns, bei einem erneuten Besuch unserer Seite automatisch zu erkennen, dass Sie bereits bei uns waren. Diese Cookies werden nach einer jeweils definierten Zeit automatisch gel\u00f6scht.<\/p>\n\n\n\n<p>Die durch Cookies verarbeiteten Daten sind f\u00fcr die genannten Zwecke zur Wahrung unserer berechtigten Interessen sowie der Dritter nach Art. 6 Abs. 1 S. 1 lit. f DSGVO erforderlich.<\/p>\n\n\n\n<p>Die meisten Browser akzeptieren Cookies automatisch. Sie k\u00f6nnen Ihren Browser jedoch so konfigurieren, dass keine Cookies auf Ihrem Computer gespeichert werden oder stets ein Hinweis erscheint, bevor ein neuer Cookie angelegt wird. Die vollst\u00e4ndige Deaktivierung von Cookies kann jedoch dazu f\u00fchren, dass Sie nicht alle Funktionen unserer Website nutzen k\u00f6nnen.<\/p>\n\n\n\n<p><strong>4. Betroffenenrechte<\/strong><\/p>\n\n\n\n<p>Sie haben das Recht:<\/p>\n\n\n\n<p>\u2013 gem\u00e4\u00df Art. 15 DSGVO Auskunft \u00fcber Ihre von uns verarbeiteten personenbezogenen Daten zu verlangen. Insbesondere k\u00f6nnen Sie Auskunft \u00fcber die Verarbeitungszwecke, die Kategorie der personenbezogenen Daten, die Kategorien von Empf\u00e4ngern, gegen\u00fcber denen Ihre Daten offengelegt wurden oder werden, die geplante Speicherdauer, das Bestehen eines Rechts auf Berichtigung, L\u00f6schung, Einschr\u00e4nkung der Verarbeitung oder Widerspruch, das Bestehen eines Beschwerderechts, die Herkunft ihrer Daten, sofern diese nicht bei uns erhoben wurden, sowie \u00fcber das Bestehen einer automatisierten Entscheidungsfindung einschlie\u00dflich Profiling und ggf. aussagekr\u00e4ftigen Informationen zu deren Einzelheiten verlangen;<br>\u2013 gem\u00e4\u00df Art. 16 DSGVO unverz\u00fcglich die Berichtigung unrichtiger oder Vervollst\u00e4ndigung Ihrer bei uns gespeicherten personenbezogenen Daten zu verlangen;<br>\u2013 gem\u00e4\u00df Art. 17 DSGVO die L\u00f6schung Ihrer bei uns gespeicherten personenbezogenen Daten zu verlangen, soweit nicht die Verarbeitung zur Aus\u00fcbung des Rechts auf freie Meinungs\u00e4u\u00dferung und Information, zur Erf\u00fcllung einer rechtlichen Verpflichtung, aus Gr\u00fcnden des \u00f6ffentlichen Interesses oder zur Geltendmachung, Aus\u00fcbung oder Verteidigung von Rechtsanspr\u00fcchen erforderlich ist;<br>\u2013 gem\u00e4\u00df Art. 18 DSGVO die Einschr\u00e4nkung der Verarbeitung Ihrer personenbezogenen Daten zu verlangen, soweit die Richtigkeit der Daten von Ihnen bestritten wird, die Verarbeitung unrechtm\u00e4\u00dfig ist, Sie aber deren L\u00f6schung ablehnen und wir die Daten nicht mehr ben\u00f6tigen, Sie jedoch diese zur Geltendmachung, Aus\u00fcbung oder Verteidigung von Rechtsanspr\u00fcchen ben\u00f6tigen oder Sie gem\u00e4\u00df Art. 21 DSGVO Widerspruch gegen die Verarbeitung eingelegt haben;<br>\u2013 gem\u00e4\u00df Art. 20 DSGVO Ihre personenbezogenen Daten, die Sie uns bereitgestellt haben, in einem strukturierten, g\u00e4ngigen und maschinenlesebaren Format zu erhalten oder die \u00dcbermittlung an einen anderen Verantwortlichen zu verlangen;<br>\u2013 gem\u00e4\u00df Art. 7 Abs. 3 DSGVO Ihre einmal erteilte Einwilligung jederzeit gegen\u00fcber uns zu widerrufen. Dies hat zur Folge, dass wir die Datenverarbeitung, die auf dieser Einwilligung beruhte, f\u00fcr die Zukunft nicht mehr fortf\u00fchren d\u00fcrfen und<br>\u2013 gem\u00e4\u00df Art. 77 DSGVO sich bei einer Aufsichtsbeh\u00f6rde zu beschweren. In der Regel k\u00f6nnen Sie sich hierf\u00fcr an die Aufsichtsbeh\u00f6rde Ihres \u00fcblichen Aufenthaltsortes oder Arbeitsplatzes oder unseres Kanzleisitzes wenden.<\/p>\n\n\n\n<p><strong>5. Widerspruchsrecht<\/strong><\/p>\n\n\n\n<p>Sofern Ihre personenbezogenen Daten auf Grundlage von berechtigten Interessen gem\u00e4\u00df Art. 6 Abs. 1 S. 1 lit. f DSGVO verarbeitet werden, haben Sie das Recht, gem\u00e4\u00df Art. 21 DSGVO Widerspruch gegen die Verarbeitung Ihrer personenbezogenen Daten einzulegen, soweit daf\u00fcr Gr\u00fcnde vorliegen, die sich aus Ihrer besonderen Situation ergeben oder sich der Widerspruch gegen Direktwerbung richtet. Im letzteren Fall haben Sie ein generelles Widerspruchsrecht, das ohne Angabe einer besonderen Situation von uns umgesetzt wird.<\/p>\n\n\n\n<p>Der externe Datenschutzbeauftragte der Pfefferwerk Stadtkultur gGmbH ist unter der o.g. Anschrift, zu Hd. Herrn Dr. Funke oder per E-Mail \u00fcber <a href=\"mailto:datenschutz@pfefferwerk.de\" target=\"_blank\" rel=\"noreferrer noopener\">datenschutz@pfefferwerk.de<\/a> erreichbar. Zugriff auf diese Adresse haben Herr Dr. Funke und der Gesch\u00e4ftsf\u00fchrer Udo Reichling.<\/p>\n\n\n\n<p>M\u00f6chten Sie von Ihrem Widerrufs- oder Widerspruchsrecht Gebrauch machen, gen\u00fcgt eine E-Mail an&nbsp;<a href=\"mailto:datenschutz@pfefferwerk.de\">datenschutz@pfefferwerk.de<\/a>.<\/p>\n\n\n\n<p><strong>6. Google Dienste und Plugins<\/strong><\/p>\n\n\n\n<p><em>Google Maps<\/em><\/p>\n\n\n\n<p>Diese Seite nutzt \u00fcber eine API den Kartendienst Google Maps. Anbieter ist die Google Inc., 1600 Amphitheatre Parkway, Mountain View, CA 94043, USA.<\/p>\n\n\n\n<p>Zur Nutzung der Funktionen von Google Maps ist es notwendig, Ihre IP Adresse zu speichern. Diese Informationen werden in der Regel an einen Server von Google in den USA \u00fcbertragen und dort gespeichert. Der*Die Anbieter*in dieser Seite hat keinen Einfluss auf diese Daten\u00fcbertragung.<br>Die Nutzung von Google Maps erfolgt im Interesse einer ansprechenden Darstellung unserer Online-Angebote und an einer leichten Auffindbarkeit der von uns auf der Website angegebenen Orte. Dies stellt ein berechtigtes Interesse im Sinne von Art. 6 Abs. 1 lit. f DSGVO dar.<br>Mehr Informationen zum Umgang mit Nutzer*innendaten finden Sie in der Datenschutzerkl\u00e4rung von Google: https:\/\/policies.google.com\/privacy?hl=de.<\/p>\n\n\n\n<p><em>WORDFENCE<\/em><\/p>\n\n\n\n<p>Diese Seite nutzt das Sicherheits-Plugin WORDFENCE, um so die Website vor Hacker*innenangriffen etc. zu sch\u00fctzen. Anbieter ist DEFIANT, 800 5th Ave Ste 4100, Seattle, WA 98104.<\/p>\n\n\n\n<p>Die bereitgestellte DSGVO-konforme Datenverarbeitungsvereinbarung wurde abgeschlossen.<br>WORDFENCE setzt derzeit drei Cookies ein und nachfolgend wird erkl\u00e4rt, was jedes Cookie macht, wer das Cookie gesetzt hat und warum das Cookie zum Schutz der Seite beitr\u00e4gt.<\/p>\n\n\n\n<p>wfwaf-authcookie- (Hash) Was es tut: Dieses Cookie wird von der WORDFENCE-Firewall verwendet, um vor dem Laden von WordPress eine F\u00e4higkeitspr\u00fcfung der*des aktuellen Benutzers*in durchzuf\u00fchren. Wer erh\u00e4lt dieses Cookie: Dieses Cookie wird nur f\u00fcr Benutzer*innen festgelegt, die sich in WordPress einloggen k\u00f6nnen.<\/p>\n\n\n\n<p>Wie dieses Cookie hilft: Mit diesem Cookie erkennt die WORDFENCE-Firewall angemeldete Benutzer*innen und erm\u00f6glicht ihnen einen erh\u00f6hten Zugriff. WORDFENCE kann auch nicht angemeldete Benutzer*innen erkennen und ihren Zugriff auf sichere Bereiche einschr\u00e4nken. Das Cookie informiert die Firewall dar\u00fcber, welche Zugriffsebene ein*e Besucher*in hat, um der Firewall zu helfen, kluge Entscheidungen dar\u00fcber zu treffen, wer zugelassen werden darf und wer blockiert werden soll.<\/p>\n\n\n\n<p>wf_loginalerted_ (Hash) Was es bewirkt: Dieses Cookie wird verwendet, um den WORDFENCE-Administrator*in zu benachrichtigen, wenn sich ein*e Administrator*in von einem neuen Ger\u00e4t oder Standort aus anmeldet. Wer erh\u00e4lt dieses Cookie: Dieses Cookie ist nur f\u00fcr Administrator*innen festgelegt. Wie dieses Cookie hilft: Dieses Cookie hilft den Websitebetreiber*innen zu wissen, ob ein Admin-Login von einem neuen Ger\u00e4t oder Standort aus stattgefunden hat.<\/p>\n\n\n\n<p>wfCBLBypass Was es tut: WORDFENCE bietet einem*einer Site-Besucher*in die M\u00f6glichkeit, die L\u00e4nderblockierung zu umgehen, indem auf eine versteckte URL zugegriffen wird. Mit diesem Cookie kann nachvollzogen werden, wer die Sperrung des Landes umgehen darf. Wer erh\u00e4lt dieses Cookie: Wenn eine vom, von der Site-Administrator*in definierte versteckte URL aufgerufen wird, wird mit diesem Cookie \u00fcberpr\u00fcft, ob der*die Benutzer*in auf die Site von einem Land aus zugreifen kann, das durch die Sperrung des Landes beschr\u00e4nkt ist. Dies wird f\u00fcr jeden festgelegt, der die URL kennt, die eine Umgehung der Standard-L\u00e4nderblockierung erm\u00f6glicht. Dieses Cookie wird nicht f\u00fcr jemanden gesetzt, der*die die versteckte URL nicht kennt, um die L\u00e4nderblockierung zu umgehen. Wie dieses Cookie hilft: Dieses Cookie gibt den Websitebesitzer*innen die M\u00f6glichkeit, bestimmten Benutzer*innen blockierte L\u00e4nder zu erlauben, obwohl ihr Land gesperrt wurde.<\/p>\n\n\n\n<p>Mehr Informationen zum Umgang mit Nutzer*innendaten finden Sie in der Datenschutzerkl\u00e4rung von DEFIANT: https:\/\/www.WORDFENCE.com\/privacy-policy\/<\/p>\n\n\n\n<p><em>The Events Calender<\/em><\/p>\n\n\n\n<p>Es werden personenbezogene Daten an Google \u00fcbermittelt, wenn Google Maps f\u00fcr Veranstaltungen aktiviert ist.<\/p>\n\n\n\n<p>Mehr Informationen zum Umgang mit Nutzer*innendaten finden Sie in der Datenschutzerkl\u00e4rung von The Events Calendar:<br>https:\/\/theeventscalendar.com\/privacy-policy\/<\/p>\n\n\n\n<p><strong>7. Datensicherheit<\/strong><br>Wir verwenden innerhalb des Website-Besuchs das verbreitete SSL-Verfahren (Secure Socket Layer) in Verbindung mit der jeweils h\u00f6chsten Verschl\u00fcsselungsstufe, die von Ihrem Browser unterst\u00fctzt wird. In der Regel handelt es sich dabei um eine 256 Bit Verschl\u00fcsselung. Falls Ihr Browser keine 256-Bit Verschl\u00fcsselung unterst\u00fctzt, greifen wir stattdessen auf 128-Bit v3 Technologie zur\u00fcck. Ob eine einzelne Seite unseres Internetauftrittes verschl\u00fcsselt \u00fcbertragen wird, erkennen Sie an der geschlossenen Darstellung des Sch\u00fcssel- beziehungsweise Schloss-Symbols in der unteren Statusleiste Ihres Browsers.<\/p>\n\n\n\n<p>Wir bedienen uns im \u00dcbrigen geeigneter technischer und organisatorischer Sicherheitsma\u00dfnahmen, um Ihre Daten gegen zuf\u00e4llige oder vors\u00e4tzliche Manipulationen, teilweisen oder vollst\u00e4ndigen Verlust, Zerst\u00f6rung oder gegen den unbefugten Zugriff Dritter zu sch\u00fctzen. Unsere Sicherheitsma\u00dfnahmen werden entsprechend der technologischen Entwicklung fortlaufend verbessert.<\/p>\n\n\n\n<p><strong>8. Aktualit\u00e4t und \u00c4nderung dieser Datenschutzerkl\u00e4rung<\/strong><br>Diese Datenschutzerkl\u00e4rung ist aktuell g\u00fcltig und hat den Stand Februar 2024.<\/p>\n\n\n\n<p>Durch die Weiterentwicklung unserer Website und Angebote dar\u00fcber oder aufgrund ge\u00e4nderter gesetzlicher beziehungsweise beh\u00f6rdlicher Vorgaben kann es notwendig werden, diese Datenschutzerkl\u00e4rung zu \u00e4ndern<\/p>\n","protected":false},"excerpt":{"rendered":"<p>1. Erhebung und Speicherung personenbezogener Daten sowie Art und Zweck von deren Verwendung a) Beim Besuch der Website Beim Aufrufen unserer Website fzws.pfefferwerk.de werden durch den auf Ihrem Endger\u00e4t zum &#8230; <a title=\"Datenschutz\" class=\"read-more\" href=\"https:\/\/fz-wattstrasse.pfefferwerk.de\/index.php\/datenschutz\/\" aria-label=\"Mehr Informationen \u00fcber Datenschutz\">Weiterlesen<\/a><\/p>\n","protected":false},"author":4,"featured_media":0,"parent":0,"menu_order":0,"comment_status":"closed","ping_status":"closed","template":"","meta":{"footnotes":""},"class_list":["post-751","page","type-page","status-publish"],"_links":{"self":[{"href":"https:\/\/fz-wattstrasse.pfefferwerk.de\/index.php\/wp-json\/wp\/v2\/pages\/751","targetHints":{"allow":["GET"]}}],"collection":[{"href":"https:\/\/fz-wattstrasse.pfefferwerk.de\/index.php\/wp-json\/wp\/v2\/pages"}],"about":[{"href":"https:\/\/fz-wattstrasse.pfefferwerk.de\/index.php\/wp-json\/wp\/v2\/types\/page"}],"author":[{"embeddable":true,"href":"https:\/\/fz-wattstrasse.pfefferwerk.de\/index.php\/wp-json\/wp\/v2\/users\/4"}],"replies":[{"embeddable":true,"href":"https:\/\/fz-wattstrasse.pfefferwerk.de\/index.php\/wp-json\/wp\/v2\/comments?post=751"}],"version-history":[{"count":7,"href":"https:\/\/fz-wattstrasse.pfefferwerk.de\/index.php\/wp-json\/wp\/v2\/pages\/751\/revisions"}],"predecessor-version":[{"id":2237,"href":"https:\/\/fz-wattstrasse.pfefferwerk.de\/index.php\/wp-json\/wp\/v2\/pages\/751\/revisions\/2237"}],"wp:attachment":[{"href":"https:\/\/fz-wattstrasse.pfefferwerk.de\/index.php\/wp-json\/wp\/v2\/media?parent=751"}],"curies":[{"name":"wp","href":"https:\/\/api.w.org\/{rel}","templated":true}]}}