{"id":585,"date":"2019-09-06T10:22:52","date_gmt":"2019-09-06T08:22:52","guid":{"rendered":"https:\/\/fz-wattstrasse.pfefferwerk.de\/?page_id=585"},"modified":"2023-07-28T12:00:20","modified_gmt":"2023-07-28T10:00:20","slug":"angebote","status":"publish","type":"page","link":"https:\/\/fz-wattstrasse.pfefferwerk.de\/index.php\/angebote\/","title":{"rendered":"Schwerpunkte im Familienzentrum"},"content":{"rendered":"\n<div class=\"wp-block-media-text alignwide is-stacked-on-mobile has-white-color has-text-color has-background\" style=\"background-color:#e2001a;grid-template-columns:39% auto\"><figure class=\"wp-block-media-text__media\"><img fetchpriority=\"high\" decoding=\"async\" width=\"1024\" height=\"683\" src=\"https:\/\/fz-wattstrasse.pfefferwerk.de\/wp-content\/uploads\/2020\/11\/20190918-15-IMG_8028b-1024x683.jpg\" alt=\"\" class=\"wp-image-1151 size-full\" srcset=\"https:\/\/fz-wattstrasse.pfefferwerk.de\/wp-content\/uploads\/2020\/11\/20190918-15-IMG_8028b-1024x683.jpg 1024w, https:\/\/fz-wattstrasse.pfefferwerk.de\/wp-content\/uploads\/2020\/11\/20190918-15-IMG_8028b-300x200.jpg 300w, https:\/\/fz-wattstrasse.pfefferwerk.de\/wp-content\/uploads\/2020\/11\/20190918-15-IMG_8028b-768x512.jpg 768w, https:\/\/fz-wattstrasse.pfefferwerk.de\/wp-content\/uploads\/2020\/11\/20190918-15-IMG_8028b-1536x1024.jpg 1536w, https:\/\/fz-wattstrasse.pfefferwerk.de\/wp-content\/uploads\/2020\/11\/20190918-15-IMG_8028b-2048x1365.jpg 2048w\" sizes=\"(max-width: 1024px) 100vw, 1024px\" \/><\/figure><div class=\"wp-block-media-text__content\">\n<p style=\"font-size:26px\">Begegnung<\/p>\n\n\n\n<p class=\"has-white-color has-text-color\">Das Familienzentrum ist ein Ort f\u00fcr der Begegnung und der Mitgestaltung. Alle Menschen aus der Nachbarschaft sind herzlich Willkommen! Wir bieten verschiedene Angebote an, bei denen sich in gem\u00fctlicher Atmosphere kennengelernt und ausgetauscht werden kann.<\/p>\n<\/div><\/div>\n\n\n\n<p class=\"has-text-align-left\"><span class=\"collapseomatic \" id=\"id69dc6b7eadc39\"  tabindex=\"0\" title=\"&lt;strong&gt;Begegnungsangebote anzeigen&lt;\/strong&gt;\"    ><strong>Begegnungsangebote anzeigen<\/strong><\/span><div id=\"target-id69dc6b7eadc39\" class=\"collapseomatic_content \"><br><strong>Begegnungsangebote:<\/strong><\/p>\n\n\n\n<p class=\"has-text-align-left\"><strong>Nachbarschaftscaf\u00e9<\/strong><br>Freitags 15:00-17:00<\/p>\n\n\n\n<p>Jeden Freitag  laden wir Sie herzlich zu unserem Nachbarsachaftscaf\u00e9 ein. Das Nachbarschaftscaf\u00e9 bietet monatlich ein wechseldes Programm an. Von gemeinsam Kaffeetrinken und Waffeln essen, \u00fcber Kreativangebote und Bilderbuchkino f\u00fcr Familien, ist f\u00fcr jede*n was dabei. <\/p>\n\n\n\n<p><strong>Interkulturelles Frauenfr\u00fchst\u00fcck<\/strong><br>Mittwochs 10:00-13:00<\/p>\n\n\n\n<p>Jeden Mittwoch findet unser interkulturelles Frauenfr\u00fchst\u00fcck statt. Hier treffen sich Frauen aus der Nachbarschaft, fr\u00fchst\u00fccken zusammen und tauschen sich \u00fcber gemeinsame Themen aus. Jede* ist willkommen! Mitgebrachte Leckereien sind herzlich willkommen!  Bitte melden Sie sich kurz telefonisch bei uns an. Wir freuen uns auf Sie!<br>Mit Anmeldung (telefonisch, per Mail oder im Familienzentrum)<\/p>\n\n\n\n<p><strong>Suppentreff<\/strong><br>Donnerstags 11:30-13:30<\/p>\n\n\n\n<p>Jeden Donnerstag kocht unsere tolle Suppenk\u00f6nigin Zinnet eine leckere Suppe. Kommen sie vorbei und genie\u00dfen sie eine leckere Suppe gegen Spende in netter Atmosphere. <\/p>\n\n\n\n<p class=\"has-text-align-left\"><strong>Gr\u00fcner Familiengarten <\/strong><br>Freitags 15:30-17:00 <\/p>\n\n\n\n<p>Wir laden euch und eure Kinder (bis 6 Jahre) zu unserem gr\u00fcnen Familiengarten ein. Gemeinsam mit euch wollen wir Gem\u00fcse und Blumenbeete pflanzen und pflegen. Und dabei die Jahreszeiten erleben und etwas \u00fcber die Natur lernen.<br>Mit Anmeldung (telefonisch, per Mail oder im Familienzentrum)<\/p>\n\n\n\n<p class=\"has-text-align-left\"><strong>Entspannt und kreativ &#8211; Kreativkurs f\u00fcr M\u00fctter und V\u00e4ter<\/strong><br>Montags 10:00-12:00<\/p>\n\n\n\n<p>Wir laden alle M\u00fctter und V\u00e4ter herzlich dazu ein, sich eine Auszeit vom Familienalltag zu nehmen und kreativ zu werden. Kreativit\u00e4t f\u00f6rdert die Entspannung und wirkt Stress entgegen. Probiert es aus! Keine Vorerfahrung notwendig.<br>Die Kursleitung zeigt euch verschiedene Techniken, von Farbe und Pinsel, \u00fcber Papier bis hin zu Ton.<br>Kosten 1\u20ac<br>Mit Anmeldung (telefonisch, per Mail oder im Familienzentrum)<\/p>\n\n\n\n<p><strong>Stricken und N\u00e4hen<\/strong><br>Freitags 14:30 &#8211; 16:30 <\/p>\n\n\n\n<p>Unter Anleitung unserer erfahrenen Kursleiterin werden Sie bei den verschiedensten Strick\u2013 und N\u00e4harbeiten unterst\u00fctzt. Sie k\u00f6nnen Stricken und N\u00e4hen lernen, dabei eine kleine kreative Auszeit aus dem Alltag nehmen und sich bei gem\u00fctlicher Atmosph\u00e4re mit anderen Eltern austauschen.<br>Bitte bringen Sie Ihre eigenen Materialien mit. N\u00e4hmaschinen sind vorhanden.<br>Kosten 1\u20ac<br>Mit Anmeldung (telefonisch, per Mail oder im Familienzentrum)<\/p>\n\n\n\n<p><strong>Mehrlings-und Zwillingstreff<\/strong><br>Dienstags 14:00-16:00<\/p>\n\n\n\n<p>Der Mehrlings- und Zwillingstreff ist ein Raum in dem Eltern mit ihren Zwillingen und Mehrlingen spielen und gleichzeitg andere Eltern mit Mehrlingen kennenlernen k\u00f6nnen. Eine Hebamme leitet das Angebot und kann bei Gesundheits- und Erziehungsfragen zur Seite stehen. <br>Mit Anmeldung (telefonisch, per Mail oder im Familienzentrum)<\/p>\n\n\n\n<p><strong>Sprachcaf\u00e9 f\u00fcr M\u00fctter<\/strong><br>Mittwochs 12:30 &#8211; 14:30 <\/p>\n\n\n\n<p>Du hast schon einmal einen Deutschkurs gemacht, kommst im Alltag aber nicht dazu Deutsch zu sprechen? Und m\u00f6chtest gerne dein Deutsch verbessern?<br>Dann komm zum Sprachcaf\u00e9!<br>Im Sprachcaf\u00e9 werden wir uns \u00fcber verschiedene Themen unterhalten und dadurch Deutsch miteinander \u00fcben. Die Kursleiterin bringt jede Woche ein Thema mit und ein paar \u00dcbungen.<br>Mit Anmeldung (telefonisch, per Mail oder im Familienzentrum)<\/p>\n\n\n\n<p class=\"has-text-align-left\"><br><br><\/div>\n\n\n\n<div class=\"wp-block-media-text alignwide has-media-on-the-right is-stacked-on-mobile\" style=\"grid-template-columns:auto 38%\"><div class=\"wp-block-media-text__content\">\n<p style=\"font-size:26px\">Beratung<\/p>\n\n\n\n<p>Sie brauchen Hilfe und Unterst\u00fctzung mit \u00c4mtern und Beh\u00f6rden? Sie haben Fragen zur Erziehung und zur Gesundheit ihrer Kinder? Oder etwas anderes? Dann sind sie bei uns richtig.<\/p>\n\n\n\n<p>Wir bieten regelm\u00e4\u00dfig Sozialberatungen und offene Sprechstunden in verschiedenen Lebensbereichen f\u00fcr Sie an. <\/p>\n<\/div><figure class=\"wp-block-media-text__media\"><img decoding=\"async\" width=\"1024\" height=\"653\" src=\"https:\/\/fz-wattstrasse.pfefferwerk.de\/wp-content\/uploads\/2022\/07\/WhatsApp-Image-2022-07-01-at-12.02.01-2-1024x653.jpeg\" alt=\"\" class=\"wp-image-1814 size-full\" srcset=\"https:\/\/fz-wattstrasse.pfefferwerk.de\/wp-content\/uploads\/2022\/07\/WhatsApp-Image-2022-07-01-at-12.02.01-2-1024x653.jpeg 1024w, https:\/\/fz-wattstrasse.pfefferwerk.de\/wp-content\/uploads\/2022\/07\/WhatsApp-Image-2022-07-01-at-12.02.01-2-300x191.jpeg 300w, https:\/\/fz-wattstrasse.pfefferwerk.de\/wp-content\/uploads\/2022\/07\/WhatsApp-Image-2022-07-01-at-12.02.01-2-768x490.jpeg 768w, https:\/\/fz-wattstrasse.pfefferwerk.de\/wp-content\/uploads\/2022\/07\/WhatsApp-Image-2022-07-01-at-12.02.01-2-1536x980.jpeg 1536w, https:\/\/fz-wattstrasse.pfefferwerk.de\/wp-content\/uploads\/2022\/07\/WhatsApp-Image-2022-07-01-at-12.02.01-2.jpeg 1988w\" sizes=\"(max-width: 1024px) 100vw, 1024px\" \/><\/figure><\/div>\n\n\n\n<p class=\"has-text-align-left\"><span class=\"collapseomatic \" id=\"id69dc6b7eadd09\"  tabindex=\"0\" title=\"&lt;strong&gt;Beratungsangebote anzeigen&lt;\/strong&gt;\"    ><strong>Beratungsangebote anzeigen<\/strong><\/span><div id=\"target-id69dc6b7eadd09\" class=\"collapseomatic_content \"><br><\/p>\n\n\n\n<p class=\"has-text-align-left\"><strong>Offene Beratung f\u00fcr Eltern<\/strong><br>Mittwochs 14:00-17:00, Donnerstags 14:00-16:00, Freitags 9:00-12:00<\/p>\n\n\n\n<p class=\"has-text-align-left\">In der offenen Beratung f\u00fcr Eltern unterst\u00fctzen wir Sie bei allen Fragen rund ums Eltern-sein. Bei Bedarf vermitteln wir sie gerne weiter.<\/p>\n\n\n\n<p class=\"has-text-align-left\"><strong>Beratung Stadtteilm\u00fctter<\/strong><br>Mittwochs, 14 t\u00e4gig 10:00-12:00 <\/p>\n\n\n\n<p class=\"has-text-align-left\">Die Stadtteilm\u00fctter Rukiye Altin und Maha Tadarous beraten Sie zu Erziehungsfragen, Sprachf\u00f6rderung, Bildung und Integration. <br><\/p>\n\n\n\n<p class=\"has-text-align-left\"><br><\/div>\n\n\n\n<div class=\"wp-block-media-text alignwide is-stacked-on-mobile has-background\" style=\"background-color:#e2001a;grid-template-columns:39% auto\"><figure class=\"wp-block-media-text__media\"><img decoding=\"async\" width=\"665\" height=\"445\" src=\"https:\/\/fz-wattstrasse.pfefferwerk.de\/wp-content\/uploads\/2019\/10\/bildung2.jpg\" alt=\"Bildung\" class=\"wp-image-699 size-full\" srcset=\"https:\/\/fz-wattstrasse.pfefferwerk.de\/wp-content\/uploads\/2019\/10\/bildung2.jpg 665w, https:\/\/fz-wattstrasse.pfefferwerk.de\/wp-content\/uploads\/2019\/10\/bildung2-300x201.jpg 300w\" sizes=\"(max-width: 665px) 100vw, 665px\" \/><\/figure><div class=\"wp-block-media-text__content\">\n<p class=\"has-white-color has-text-color\" style=\"font-size:26px\">Bildung<\/p>\n\n\n\n<p class=\"has-white-color has-text-color\">Das Familienzentrum ist ein Ort, an dem kreativ und vielf\u00e4ltig miteinander und voneinader gelernt werden kann. In verschiedenen Angeboten k\u00f6nnen Kinder, Eltern und Nachbar*innen Neues lernen und auch ihr Wissen und ihre Kompetenzen mit Anderen teilen.<\/p>\n<\/div><\/div>\n\n\n\n<p class=\"has-text-align-left\"><span class=\"collapseomatic \" id=\"id69dc6b7eadd7e\"  tabindex=\"0\" title=\"&lt;strong&gt;Bildungsangebote anzeigen&lt;\/strong&gt;\"    ><strong>Bildungsangebote anzeigen<\/strong><\/span><div id=\"target-id69dc6b7eadd7e\" class=\"collapseomatic_content \"><br><strong>Bildungsangebote<\/strong><\/p>\n\n\n\n<p class=\"has-text-align-left\"><strong>FuN-Baby <\/strong><\/p>\n\n\n\n<p>Montags 9:30 &#8211; 11:30 <br>8 Termine ab 25.09.2023 &#8211; Kennenlerntermin am 28.09.2023 <br>Gemeinsame Zeit f\u00fcr M\u00fctter \/ V\u00e4ter und Kinder 8 Wochen lang an einem Vormittag in der Woche. Sie k\u00f6nnen andere M\u00fctter\/V\u00e4ter kennenlernen, Gespr\u00e4che f\u00fchren, es gibt Spiele, es wird zusammen gesungen, sich bewegt und etwas kleines gegessen. Beim 8. Treffen erhalten alle teilnehmenden FuN-Familien eine Urkunde.<br>Mit Anmeldung (telefonisch, per Mail oder im Familienzentrum)<\/p>\n\n\n\n<p><strong>Deutschkurs A 1.1 &#8211; Elternkurs (VHS Berlin Mitte)<\/strong><br>ab 04.09.2023<br>Montags 9-12 Uhr<br>Dienstags 9-12 Uhr<br>mittwochs Termin im OPZ <br>Mit Anmeldung \u00fcber die Volkshochschule. Kosten 20\u20ac <\/p>\n\n\n\n<p><strong>Sprachcaf\u00e9 f\u00fcr M\u00fctter<\/strong><br>Mittwochs 12:30 &#8211; 14:30 <\/p>\n\n\n\n<p>Du hast schon einmal einen Deutschkurs gemacht, kommst im Alltag aber nicht dazu Deutsch zu sprechen? Und m\u00f6chtest gerne dein Deutsch verbessern?<br>Dann komm zum Sprachcaf\u00e9!<br>Im Sprachcaf\u00e9 werden wir uns \u00fcber verschiedene Themen unterhalten und dadurch Deutsch miteinander \u00fcben. Die Kursleiterin bringt jede Woche ein Thema mit und ein paar \u00dcbungen.<br>Mit Anmeldung (telefonisch, per Mail oder im Familienzentrum)<\/p>\n\n\n\n<p><strong>Eltern-Kind-Gruppe (e:du)<\/strong><br>Freitags 10:00 &#8211; 12:00 <br><br>e:du ist ein kostenloses Spiel\u2013 und Lernprogramm f\u00fcr Eltern, die Kinder von 6 Monaten\u20143 Jahren haben.Sie erhalten kostenlose Spielmaterialien und Bastelanregungen f\u00fcr Ihr Kind.Beim gemeinsamen Spielen werden Sie Freude am<br>Spielen und Lernen entdecken. e-du informiert Sie zus\u00e4tzlich \u00fcber alle Fragen um die fr\u00fchkindliche Entwicklung und \u00fcber Angebote f\u00fcr Familien im Bezirk. <br>Mit Anmeldung (telefonisch, per Mail oder im Familienzentrum)<\/p>\n\n\n\n<p><strong>Krabbelgruppe <\/strong><br>Freitags 13:00-14:00<\/p>\n\n\n\n<p>Die Krabbelgruppe l\u00e4dt zum Spielen und Austausch ein. Hier treffen sich M\u00fctter\/ V\u00e4ter mit anderen Eltern und gestalten das Treffen gemeinsam. Die Babys und Kleinkinder machen ihre eigenen Erfahrungen und Be-obachtungen mit Gleichaltrigen und lernen voneinander. Die Gruppe wird angeleitet von einer erfahrenen Kursleitung, die Elemente aus dem Kurs Babyhandzeichen mit einbringt.<br>Mit Anmeldung (telefonisch, per Mail oder im Familienzentrum)<\/p>\n\n\n\n<p><strong>Eltern-Kind-Spielgruppe (1,5 &#8211; 3 Jahre)<\/strong><br>Mittwochs 10:00 &#8211; 12:00 <\/p>\n\n\n\n<p>In der Eltern-Kind Spielgruppe wird ein Raum geschaffen in dem ihr mit euren Kinder spielen, erleben und lernen k\u00f6nnt. Ihr k\u00f6nnt euch mit anderen Eltern austauschen. Euch werden verschiedene altersgerechte Spielsachen vorbereitet und vorgestellt. Eure Ideen sind willkommen und ihr k\u00f6nnt die Gruppe mitgestalten.<br>Mit Anmeldung (telefonisch, per Mail oder im Familienzentrum)<\/p>\n\n\n\n<p class=\"has-text-align-left\"><strong>Bunte Lesestunde f\u00fcr Familien<\/strong><br>Mittwochs, 16:00-17:00<\/p>\n\n\n\n<p>In der bunten Lesestunde lesen Lamia und Saniye Kindern und ihren Eltern interaktiv Geschichten vor. Die Geschichten behandeln verschiede Themen \u00fcber das Kind\u2013 und Menschsein, von denen Kinder und Eltern miteinander lernen k\u00f6nnen. Im Anschluss kann zusammen etwas gemalt oder gebastelt werden, um der Geschichte kreativ Ausdruck zu verleihen.<\/p>\n\n\n\n<p class=\"has-text-align-left\"><strong>Gr\u00fcner Familiengarten <\/strong><br>Freitags 15:30-17:00 <\/p>\n\n\n\n<p>Wir laden euch und eure Kinder (bis 6 Jahre) zu unserem gr\u00fcnen Familiengarten ein. Gemeinsam mit euch wollen wir Gem\u00fcse und Blumenbeete pflanzen und pflegen. Und dabei die Jahreszeiten erleben und etwas \u00fcber die Natur lernen.<br>Mit Anmeldung (telefonisch, per Mail oder im Familienzentrum)<\/p>\n\n\n\n<p><strong>Thematisches Elterncaf\u00e9<\/strong><br>Mittwochs 13:30-15:00 2x monatlich <\/p>\n\n\n\n<p>Das Elterncaf\u00e9 l\u00e4dt zur Begegnung und zum Austausch ein. Mit Expert*innen diskutieren wir Themen aus den Bereichen \u201eBildung, Gesundheit und Erziehung\u201c. Bitte bringen Sie gerne Ihre Fragen mit. Sie erhalten bei uns Unterst\u00fctzung und Vernetzung.<br>Mit Anmeldung (telefonisch, per Mail oder im Familienzentrum)<\/p>\n\n\n\n<p class=\"has-text-align-left\"><strong>Kreativkurs f\u00fcr Kinder und Eltern<\/strong><br>Donnerstags 16:00-18:00<\/p>\n\n\n\n<p>Die Kursleiterin Huriye l\u00e4dt Familien dazu ein, gemeinsam kreativ zu werden. Wir basteln sch\u00f6ne Sachen zum mit nach Hause nehmen und je nach Jahreszeit bietet auch die Natur viele Naturmaterialien zum Sammeln und Basteln. Lasst uns kreativ werden und unsere Fantasie zusammen spielen lassen.<br><\/p>\n\n\n\n<p><strong>Stricken und N\u00e4hen<\/strong><br>Freitags 14:30 &#8211; 16:30 <\/p>\n\n\n\n<p>Unter Anleitung unserer erfahrenen Kursleiterin werden Sie bei den verschiedensten Strick\u2013 und N\u00e4harbeiten unterst\u00fctzt. Sie k\u00f6nnen Stricken und N\u00e4hen lernen, dabei eine kleine kreative Auszeit aus dem Alltag nehmen und sich bei gem\u00fctlicher Atmosph\u00e4re mit anderen Eltern austauschen.<br>Bitte bringen Sie Ihre eigenen Materialien mit. N\u00e4hmaschinen sind vorhanden.<br>Kosten 1\u20ac <br>Mit Anmeldung (telefonisch, per Mail oder im Familienzentrum)<\/p>\n\n\n\n<p class=\"has-text-align-left\"><strong>Mehrlings-und Zwillingstreff<\/strong><br>Dienstags 14:00-16:00<\/p>\n\n\n\n<p>Der Mehrlings- und Zwillingstreff ist ein Raum in dem Eltern mit ihren Zwillingen und Mehrlingen spielen und gleichzeitg andere Eltern mit Mehrlingen kennenlernen k\u00f6nnen. Eine Hebamme leitet das Angebot und kann bei Gesundheits- und Erziehungsfragen zur Seite stehen. <br>Mit Anmeldung (telefonisch, per Mail oder im Familienzentrum)<\/p>\n\n\n\n<p><strong>Mutter-Kind-Sprachlerngruppe<\/strong> (VHS Berlin)<br>Donnerstags 10:00-12:00<\/p>\n\n\n\n<p>F\u00fcr M\u00fctter und ihre Babys oder Kinder (von 3 Monaten bis 3 Jahre)<br>Wir lernen Deutsch, spielen und singen zusammen. F\u00fcr alle Sprach-Niveaus. Die Kinder sind immer dabei. Der Kurs ist <strong>kostenlos<\/strong>. Kommen Sie einfach vorbei!<\/p>\n\n\n\n<p class=\"has-text-align-left\"><\/p>\n\n\n\n<p><\/p>\n\n\n\n<p class=\"has-text-align-left\"><br><br><\/div>\n\n\n\n<p><a href=\"https:\/\/fz-wattstrasse.pfefferwerk.de\/\">&lt;- Zur\u00fcck zur Startseite<\/a><\/p>\n","protected":false},"excerpt":{"rendered":"<p>Begegnung Das Familienzentrum ist ein Ort f\u00fcr der Begegnung und der Mitgestaltung. Alle Menschen aus der Nachbarschaft sind herzlich Willkommen! Wir bieten verschiedene Angebote an, bei denen sich in gem\u00fctlicher &#8230; <a title=\"Schwerpunkte im Familienzentrum\" class=\"read-more\" href=\"https:\/\/fz-wattstrasse.pfefferwerk.de\/index.php\/angebote\/\" aria-label=\"Mehr Informationen \u00fcber Schwerpunkte im Familienzentrum\">Weiterlesen<\/a><\/p>\n","protected":false},"author":4,"featured_media":0,"parent":0,"menu_order":0,"comment_status":"closed","ping_status":"closed","template":"","meta":{"footnotes":""},"class_list":["post-585","page","type-page","status-publish"],"_links":{"self":[{"href":"https:\/\/fz-wattstrasse.pfefferwerk.de\/index.php\/wp-json\/wp\/v2\/pages\/585","targetHints":{"allow":["GET"]}}],"collection":[{"href":"https:\/\/fz-wattstrasse.pfefferwerk.de\/index.php\/wp-json\/wp\/v2\/pages"}],"about":[{"href":"https:\/\/fz-wattstrasse.pfefferwerk.de\/index.php\/wp-json\/wp\/v2\/types\/page"}],"author":[{"embeddable":true,"href":"https:\/\/fz-wattstrasse.pfefferwerk.de\/index.php\/wp-json\/wp\/v2\/users\/4"}],"replies":[{"embeddable":true,"href":"https:\/\/fz-wattstrasse.pfefferwerk.de\/index.php\/wp-json\/wp\/v2\/comments?post=585"}],"version-history":[{"count":63,"href":"https:\/\/fz-wattstrasse.pfefferwerk.de\/index.php\/wp-json\/wp\/v2\/pages\/585\/revisions"}],"predecessor-version":[{"id":2062,"href":"https:\/\/fz-wattstrasse.pfefferwerk.de\/index.php\/wp-json\/wp\/v2\/pages\/585\/revisions\/2062"}],"wp:attachment":[{"href":"https:\/\/fz-wattstrasse.pfefferwerk.de\/index.php\/wp-json\/wp\/v2\/media?parent=585"}],"curies":[{"name":"wp","href":"https:\/\/api.w.org\/{rel}","templated":true}]}}