{"id":503,"date":"2019-06-26T13:04:24","date_gmt":"2019-06-26T11:04:24","guid":{"rendered":"https:\/\/fz-wattstrasse.pfefferwerk.de\/?page_id=503"},"modified":"2020-12-09T16:36:08","modified_gmt":"2020-12-09T15:36:08","slug":"vermietung","status":"publish","type":"page","link":"https:\/\/fz-wattstrasse.pfefferwerk.de\/index.php\/vermietung\/","title":{"rendered":"Vermietung"},"content":{"rendered":"\t\t<div data-elementor-type=\"wp-page\" data-elementor-id=\"503\" class=\"elementor elementor-503\">\n\t\t\t\t\t\t<section class=\"elementor-section elementor-top-section elementor-element elementor-element-ff7c0ce elementor-section-boxed elementor-section-height-default elementor-section-height-default\" data-id=\"ff7c0ce\" data-element_type=\"section\">\n\t\t\t\t\t\t<div class=\"elementor-container elementor-column-gap-default\">\n\t\t\t\t\t<div class=\"elementor-column elementor-col-100 elementor-top-column elementor-element elementor-element-89c7213\" data-id=\"89c7213\" data-element_type=\"column\">\n\t\t\t<div class=\"elementor-widget-wrap elementor-element-populated\">\n\t\t\t\t\t\t<div class=\"elementor-element elementor-element-03fe52e elementor-widget elementor-widget-text-editor\" data-id=\"03fe52e\" data-element_type=\"widget\" data-widget_type=\"text-editor.default\">\n\t\t\t\t<div class=\"elementor-widget-container\">\n\t\t\t\t\t\t\t\t\t<div>Gerne k\u00f6nnen Sie unsere R\u00e4umlichkeiten f\u00fcr Ihre Veranstaltungen mieten.<\/div><div>\u00a0<\/div><p>Unsere R\u00e4umlichkeiten lassen sich flexibel in Gr\u00f6\u00dfe und Ausstattung anpassen. Alle R\u00e4ume sind nach Absprache mit Zugang zu einer Tee- und Kaffee K\u00fcche mietbar.<\/p><p>Die Preise richten sich nach Art der Nutzung.<\/p><p>F\u00fcr engagierte Nachbar*innen, Vereine oder Initiativen, die R\u00e4umlichkeiten f\u00fcr nachbarschaftliche Aktivit\u00e4ten ben\u00f6tigen, vereinbaren wir nach Absprache gerne g\u00fcnstige Konditionen.<\/p><p>Bei Interesse fragen Sie uns gerne an:<\/p><p>fz-wattstrasse@pfefferwerk.de | 030-44383-345<\/p>\t\t\t\t\t\t\t\t<\/div>\n\t\t\t\t<\/div>\n\t\t\t\t\t<\/div>\n\t\t<\/div>\n\t\t\t\t\t<\/div>\n\t\t<\/section>\n\t\t\t\t<section class=\"elementor-section elementor-top-section elementor-element elementor-element-597d7ea elementor-section-boxed elementor-section-height-default elementor-section-height-default\" data-id=\"597d7ea\" data-element_type=\"section\">\n\t\t\t\t\t\t<div class=\"elementor-container elementor-column-gap-default\">\n\t\t\t\t\t<div class=\"elementor-column elementor-col-33 elementor-top-column elementor-element elementor-element-e8ae07f\" data-id=\"e8ae07f\" data-element_type=\"column\">\n\t\t\t<div class=\"elementor-widget-wrap elementor-element-populated\">\n\t\t\t\t\t\t<div class=\"elementor-element elementor-element-b397313 elementor-widget elementor-widget-image\" data-id=\"b397313\" data-element_type=\"widget\" data-widget_type=\"image.default\">\n\t\t\t\t<div class=\"elementor-widget-container\">\n\t\t\t\t\t\t\t\t\t\t\t\t<figure class=\"wp-caption\">\n\t\t\t\t\t\t\t\t\t\t<img fetchpriority=\"high\" decoding=\"async\" width=\"300\" height=\"200\" src=\"https:\/\/fz-wattstrasse.pfefferwerk.de\/wp-content\/uploads\/2019\/10\/Seminarraum-300x200.jpg\" class=\"attachment-medium size-medium wp-image-734\" alt=\"Seminarraum\" srcset=\"https:\/\/fz-wattstrasse.pfefferwerk.de\/wp-content\/uploads\/2019\/10\/Seminarraum-300x200.jpg 300w, https:\/\/fz-wattstrasse.pfefferwerk.de\/wp-content\/uploads\/2019\/10\/Seminarraum-768x512.jpg 768w, https:\/\/fz-wattstrasse.pfefferwerk.de\/wp-content\/uploads\/2019\/10\/Seminarraum-1024x683.jpg 1024w, https:\/\/fz-wattstrasse.pfefferwerk.de\/wp-content\/uploads\/2019\/10\/Seminarraum.jpg 1195w\" sizes=\"(max-width: 300px) 100vw, 300px\" \/>\t\t\t\t\t\t\t\t\t\t\t<figcaption class=\"widget-image-caption wp-caption-text\">Unser Seminarraum <\/figcaption>\n\t\t\t\t\t\t\t\t\t\t<\/figure>\n\t\t\t\t\t\t\t\t\t<\/div>\n\t\t\t\t<\/div>\n\t\t\t\t\t<\/div>\n\t\t<\/div>\n\t\t\t\t<div class=\"elementor-column elementor-col-33 elementor-top-column elementor-element elementor-element-17303d9\" data-id=\"17303d9\" data-element_type=\"column\">\n\t\t\t<div class=\"elementor-widget-wrap elementor-element-populated\">\n\t\t\t\t\t\t<div class=\"elementor-element elementor-element-a49cd5f elementor-widget elementor-widget-image\" data-id=\"a49cd5f\" data-element_type=\"widget\" data-widget_type=\"image.default\">\n\t\t\t\t<div class=\"elementor-widget-container\">\n\t\t\t\t\t\t\t\t\t\t\t\t<figure class=\"wp-caption\">\n\t\t\t\t\t\t\t\t\t\t<img decoding=\"async\" width=\"300\" height=\"200\" src=\"https:\/\/fz-wattstrasse.pfefferwerk.de\/wp-content\/uploads\/2019\/10\/K\u00fcche-300x200.jpg\" class=\"attachment-medium size-medium wp-image-735\" alt=\"K\u00fcche\" srcset=\"https:\/\/fz-wattstrasse.pfefferwerk.de\/wp-content\/uploads\/2019\/10\/K\u00fcche-300x200.jpg 300w, https:\/\/fz-wattstrasse.pfefferwerk.de\/wp-content\/uploads\/2019\/10\/K\u00fcche.jpg 768w\" sizes=\"(max-width: 300px) 100vw, 300px\" \/>\t\t\t\t\t\t\t\t\t\t\t<figcaption class=\"widget-image-caption wp-caption-text\">Unsere K\u00fcche<\/figcaption>\n\t\t\t\t\t\t\t\t\t\t<\/figure>\n\t\t\t\t\t\t\t\t\t<\/div>\n\t\t\t\t<\/div>\n\t\t\t\t\t<\/div>\n\t\t<\/div>\n\t\t\t\t<div class=\"elementor-column elementor-col-33 elementor-top-column elementor-element elementor-element-240722f\" data-id=\"240722f\" data-element_type=\"column\">\n\t\t\t<div class=\"elementor-widget-wrap elementor-element-populated\">\n\t\t\t\t\t\t<div class=\"elementor-element elementor-element-5eac8e0 elementor-widget elementor-widget-image\" data-id=\"5eac8e0\" data-element_type=\"widget\" data-widget_type=\"image.default\">\n\t\t\t\t<div class=\"elementor-widget-container\">\n\t\t\t\t\t\t\t\t\t\t\t\t<figure class=\"wp-caption\">\n\t\t\t\t\t\t\t\t\t\t<img decoding=\"async\" width=\"300\" height=\"199\" src=\"https:\/\/fz-wattstrasse.pfefferwerk.de\/wp-content\/uploads\/2019\/10\/Bewegungsraum-300x199.jpg\" class=\"attachment-medium size-medium wp-image-736\" alt=\"Bewegungsraum\" srcset=\"https:\/\/fz-wattstrasse.pfefferwerk.de\/wp-content\/uploads\/2019\/10\/Bewegungsraum-300x199.jpg 300w, https:\/\/fz-wattstrasse.pfefferwerk.de\/wp-content\/uploads\/2019\/10\/Bewegungsraum-768x510.jpg 768w, https:\/\/fz-wattstrasse.pfefferwerk.de\/wp-content\/uploads\/2019\/10\/Bewegungsraum-1024x681.jpg 1024w, https:\/\/fz-wattstrasse.pfefferwerk.de\/wp-content\/uploads\/2019\/10\/Bewegungsraum.jpg 1112w\" sizes=\"(max-width: 300px) 100vw, 300px\" \/>\t\t\t\t\t\t\t\t\t\t\t<figcaption class=\"widget-image-caption wp-caption-text\">Unser Bewegungsraum<\/figcaption>\n\t\t\t\t\t\t\t\t\t\t<\/figure>\n\t\t\t\t\t\t\t\t\t<\/div>\n\t\t\t\t<\/div>\n\t\t\t\t\t<\/div>\n\t\t<\/div>\n\t\t\t\t\t<\/div>\n\t\t<\/section>\n\t\t\t\t<\/div>\n\t\t","protected":false},"excerpt":{"rendered":"<p>Gerne k\u00f6nnen Sie unsere R\u00e4umlichkeiten f\u00fcr Ihre Veranstaltungen mieten.\u00a0 Unsere R\u00e4umlichkeiten lassen sich flexibel in Gr\u00f6\u00dfe und Ausstattung anpassen. Alle R\u00e4ume sind nach Absprache mit Zugang zu einer Tee- und &#8230; <a title=\"Vermietung\" class=\"read-more\" href=\"https:\/\/fz-wattstrasse.pfefferwerk.de\/index.php\/vermietung\/\" aria-label=\"Mehr Informationen \u00fcber Vermietung\">Weiterlesen<\/a><\/p>\n","protected":false},"author":4,"featured_media":0,"parent":0,"menu_order":0,"comment_status":"closed","ping_status":"closed","template":"","meta":{"footnotes":""},"class_list":["post-503","page","type-page","status-publish"],"_links":{"self":[{"href":"https:\/\/fz-wattstrasse.pfefferwerk.de\/index.php\/wp-json\/wp\/v2\/pages\/503","targetHints":{"allow":["GET"]}}],"collection":[{"href":"https:\/\/fz-wattstrasse.pfefferwerk.de\/index.php\/wp-json\/wp\/v2\/pages"}],"about":[{"href":"https:\/\/fz-wattstrasse.pfefferwerk.de\/index.php\/wp-json\/wp\/v2\/types\/page"}],"author":[{"embeddable":true,"href":"https:\/\/fz-wattstrasse.pfefferwerk.de\/index.php\/wp-json\/wp\/v2\/users\/4"}],"replies":[{"embeddable":true,"href":"https:\/\/fz-wattstrasse.pfefferwerk.de\/index.php\/wp-json\/wp\/v2\/comments?post=503"}],"version-history":[{"count":19,"href":"https:\/\/fz-wattstrasse.pfefferwerk.de\/index.php\/wp-json\/wp\/v2\/pages\/503\/revisions"}],"predecessor-version":[{"id":1225,"href":"https:\/\/fz-wattstrasse.pfefferwerk.de\/index.php\/wp-json\/wp\/v2\/pages\/503\/revisions\/1225"}],"wp:attachment":[{"href":"https:\/\/fz-wattstrasse.pfefferwerk.de\/index.php\/wp-json\/wp\/v2\/media?parent=503"}],"curies":[{"name":"wp","href":"https:\/\/api.w.org\/{rel}","templated":true}]}}