{"id":492,"date":"2019-06-26T10:14:45","date_gmt":"2019-06-26T08:14:45","guid":{"rendered":"https:\/\/fz-wattstrasse.pfefferwerk.de\/?page_id=492"},"modified":"2024-02-13T11:55:55","modified_gmt":"2024-02-13T10:55:55","slug":"impressum","status":"publish","type":"page","link":"https:\/\/fz-wattstrasse.pfefferwerk.de\/index.php\/impressum\/","title":{"rendered":"Impressum"},"content":{"rendered":"\n<p><strong>Pfefferwerk Stadtkultur gGmbH<br>Gemeinn\u00fctzige Gesellschaft zur F\u00f6rderung von Stadtkultur<\/strong><\/p>\n\n\n\n<p>Gesch\u00e4ftsf\u00fchrung: Udo Reichling<br>Amtsgericht Charlottenburg | HRB 41860 |<br>Steuer-Nr.: 27\/028\/33418 | USt-Id.: DE 137185744<\/p>\n\n\n\n<p>Bank f\u00fcr Sozialwirtschaft Berlin AG<br>IBAN: DE33100205000003066800 | BIC: 100205\/BFSWDE33BER<\/p>\n\n\n\n<p>Gesch\u00e4ftstelle: Christinenstra\u00dfe 18\/19, Haus 14 10119 Berlin<br>Tel.: +49 30 44383 &#8211; 0<br>Fax: +49 30 44383 &#8211; 100<br>Mail:&nbsp;<a href=\"mailto:info@pfefferwerk.de\">info@pfefferwerk.de<\/a>&nbsp;|www.pfefferwerk.de<\/p>\n\n\n\n<p>Leitung: Selda Kara\u00e7ay-Navabian<br>Mail:\u00a0selda.karacay@pfefferwek.de<\/p>\n","protected":false},"excerpt":{"rendered":"<p>Pfefferwerk Stadtkultur gGmbHGemeinn\u00fctzige Gesellschaft zur F\u00f6rderung von Stadtkultur Gesch\u00e4ftsf\u00fchrung: Udo ReichlingAmtsgericht Charlottenburg | HRB 41860 |Steuer-Nr.: 27\/028\/33418 | USt-Id.: DE 137185744 Bank f\u00fcr Sozialwirtschaft Berlin AGIBAN: DE33100205000003066800 | BIC: 100205\/BFSWDE33BER &#8230; <a title=\"Impressum\" class=\"read-more\" href=\"https:\/\/fz-wattstrasse.pfefferwerk.de\/index.php\/impressum\/\" aria-label=\"Mehr Informationen \u00fcber Impressum\">Weiterlesen<\/a><\/p>\n","protected":false},"author":4,"featured_media":0,"parent":0,"menu_order":0,"comment_status":"closed","ping_status":"closed","template":"","meta":{"footnotes":""},"class_list":["post-492","page","type-page","status-publish"],"_links":{"self":[{"href":"https:\/\/fz-wattstrasse.pfefferwerk.de\/index.php\/wp-json\/wp\/v2\/pages\/492","targetHints":{"allow":["GET"]}}],"collection":[{"href":"https:\/\/fz-wattstrasse.pfefferwerk.de\/index.php\/wp-json\/wp\/v2\/pages"}],"about":[{"href":"https:\/\/fz-wattstrasse.pfefferwerk.de\/index.php\/wp-json\/wp\/v2\/types\/page"}],"author":[{"embeddable":true,"href":"https:\/\/fz-wattstrasse.pfefferwerk.de\/index.php\/wp-json\/wp\/v2\/users\/4"}],"replies":[{"embeddable":true,"href":"https:\/\/fz-wattstrasse.pfefferwerk.de\/index.php\/wp-json\/wp\/v2\/comments?post=492"}],"version-history":[{"count":6,"href":"https:\/\/fz-wattstrasse.pfefferwerk.de\/index.php\/wp-json\/wp\/v2\/pages\/492\/revisions"}],"predecessor-version":[{"id":2241,"href":"https:\/\/fz-wattstrasse.pfefferwerk.de\/index.php\/wp-json\/wp\/v2\/pages\/492\/revisions\/2241"}],"wp:attachment":[{"href":"https:\/\/fz-wattstrasse.pfefferwerk.de\/index.php\/wp-json\/wp\/v2\/media?parent=492"}],"curies":[{"name":"wp","href":"https:\/\/api.w.org\/{rel}","templated":true}]}}