{"id":423,"date":"2019-06-24T10:49:50","date_gmt":"2019-06-24T08:49:50","guid":{"rendered":"https:\/\/fz-wattstrasse.pfefferwerk.de\/?page_id=423"},"modified":"2024-07-05T16:37:47","modified_gmt":"2024-07-05T14:37:47","slug":"portrait","status":"publish","type":"page","link":"https:\/\/fz-wattstrasse.pfefferwerk.de\/index.php\/portrait\/","title":{"rendered":"Portrait"},"content":{"rendered":"\t\t<div data-elementor-type=\"wp-page\" data-elementor-id=\"423\" class=\"elementor elementor-423\">\n\t\t\t\t\t\t<section class=\"elementor-section elementor-top-section elementor-element elementor-element-57ad189b elementor-section-boxed elementor-section-height-default elementor-section-height-default\" data-id=\"57ad189b\" data-element_type=\"section\">\n\t\t\t\t\t\t<div class=\"elementor-container elementor-column-gap-default\">\n\t\t\t\t\t<div class=\"elementor-column elementor-col-100 elementor-top-column elementor-element elementor-element-9d59e05\" data-id=\"9d59e05\" data-element_type=\"column\">\n\t\t\t<div class=\"elementor-widget-wrap elementor-element-populated\">\n\t\t\t\t\t\t<div class=\"elementor-element elementor-element-659c5787 elementor-widget elementor-widget-text-editor\" data-id=\"659c5787\" data-element_type=\"widget\" data-widget_type=\"text-editor.default\">\n\t\t\t\t<div class=\"elementor-widget-container\">\n\t\t\t\t\t\t\t\t\t<p><\/p>\n<p>Unser Familienzentrum bietet Begegnung, Bildung und Beratung unter einem Dach. In Eltern-Kind-Gruppen, Gespr\u00e4chskreisen, Themenabenden und Elternworkshops erhalten Sie spannende Informationen rund um die F\u00f6rderung Ihres Kindes und Ihrer Familie, lernen andere Eltern kennen und k\u00f6nnen sich mit ihnen austauschen.<\/p>\n<p><\/p>\n<p><\/p>\n<p>In unseren thematisch breit gef\u00e4cherten Kursen k\u00f6nnen Sie etwas f\u00fcr sich und Ihre Gesundheit tun, Ihre Sprachkenntnisse verbessern oder ihrer Kreativit\u00e4t freien Lauf lassen. Wir bieten Ihnen verschiedene Beratungsm\u00f6glichkeiten an und unterst\u00fctzen Sie bei Problemen gerne dabei, eine L\u00f6sung zu finden.<\/p>\n<p><\/p>\n<p><\/p>\n<p>In unserem Familienzentrum erm\u00f6glichen und f\u00f6rdern wir ein lebendiges Miteinander der Kulturen. Kommen Sie vorbei und machen Sie sich selbst ein Bild! Wir freuen uns auf Sie!<\/p>\n<p><\/p>\n<p><\/p>\n<p><strong>Begegnung<\/strong><\/p>\n<p><\/p>\n<p><\/p>\n<ul class=\"wp-block-list\">\n<li>Thematisches Elterncaf\u00e9<\/li>\n<li>Frauenfr\u00fchst\u00fcck<\/li>\n<li>Mehrlings- und Zwillingstreff<\/li>\n<li>Nachbarschafts und Familiencaf\u00e9<\/li>\n<\/ul>\n<p><\/p>\n<p><\/p>\n<p><strong>Bildung, Gesundheit und Kreativit\u00e4t<\/strong><\/p>\n<p><\/p>\n<p><\/p>\n<ul class=\"wp-block-list\">\n<li>regelm\u00e4\u00dfige Deutschkurse <br><\/li><li>Mutter-Kind-Sprachlerngruppe<br><\/li>\n<li>Kreativ- und N\u00e4hkurse<\/li><li>Gartengruppe<br><\/li>\n<li>Offene Spielgruppe<\/li>\n<li>Krabbelgruppe<\/li>\n\n<li>Elternkurse: z.B Starke Eltern . starke Kinder<br><\/li>\n<\/ul>\n<p><\/p>\n<p><\/p>\n<p><strong>Beratung<\/strong><\/p>\n<p><\/p>\n<p><\/p>\n<ul class=\"wp-block-list\">\n<li>Offene Beratung f\u00fcr Familien<\/li>\n<li>Allgemeine Sozialberatung<\/li>\n<li>Beratung zu Engagement-M\u00f6glichkeiten<\/li>\n<li>Sprechzeiten Stadtteilm\u00fctter<\/li><li>Sprechzeiten FamilienServiceB\u00fcro<\/li><li>Sprechzeiten BEFF-Projekt &#8211; Beratung bei Wohnungsnot <br><\/li>\n<\/ul>\n<p><\/p>\n<p><\/p>\n<p><\/p>\n<p><\/p>\n<p><\/p>\n<p><\/p>\n<p><\/p>\n<p><\/p>\n<p><\/p>\n<p><\/p>\n<p><strong>Service<\/strong><\/p>\n<p><\/p>\n<p><\/p>\n<p>Unsere R\u00e4ume k\u00f6nnen Sie f\u00fcr Seminare, Workshops, Elternversammlungen und Kindergeburtstage anmieten. Bitte wenden Sie sich mit Ihrer Anfrage per E-Mail an die Leitung des Familienzentrums.<\/p>\n<p><\/p>\n<p><\/p>\n<p><a href=\"https:\/\/fz-wattstrasse.pfefferwerk.de\">&lt;- Zur\u00fcck zur Startseite<\/a><\/p>\n<p><\/p>\t\t\t\t\t\t\t\t<\/div>\n\t\t\t\t<\/div>\n\t\t\t\t\t<\/div>\n\t\t<\/div>\n\t\t\t\t\t<\/div>\n\t\t<\/section>\n\t\t\t\t<\/div>\n\t\t","protected":false},"excerpt":{"rendered":"<p>Unser Familienzentrum bietet Begegnung, Bildung und Beratung unter einem Dach. In Eltern-Kind-Gruppen, Gespr\u00e4chskreisen, Themenabenden und Elternworkshops erhalten Sie spannende Informationen rund um die F\u00f6rderung Ihres Kindes und Ihrer Familie, lernen &#8230; <a title=\"Portrait\" class=\"read-more\" href=\"https:\/\/fz-wattstrasse.pfefferwerk.de\/index.php\/portrait\/\" aria-label=\"Mehr Informationen \u00fcber Portrait\">Weiterlesen<\/a><\/p>\n","protected":false},"author":3,"featured_media":0,"parent":0,"menu_order":0,"comment_status":"closed","ping_status":"closed","template":"","meta":{"footnotes":""},"class_list":["post-423","page","type-page","status-publish"],"_links":{"self":[{"href":"https:\/\/fz-wattstrasse.pfefferwerk.de\/index.php\/wp-json\/wp\/v2\/pages\/423","targetHints":{"allow":["GET"]}}],"collection":[{"href":"https:\/\/fz-wattstrasse.pfefferwerk.de\/index.php\/wp-json\/wp\/v2\/pages"}],"about":[{"href":"https:\/\/fz-wattstrasse.pfefferwerk.de\/index.php\/wp-json\/wp\/v2\/types\/page"}],"author":[{"embeddable":true,"href":"https:\/\/fz-wattstrasse.pfefferwerk.de\/index.php\/wp-json\/wp\/v2\/users\/3"}],"replies":[{"embeddable":true,"href":"https:\/\/fz-wattstrasse.pfefferwerk.de\/index.php\/wp-json\/wp\/v2\/comments?post=423"}],"version-history":[{"count":15,"href":"https:\/\/fz-wattstrasse.pfefferwerk.de\/index.php\/wp-json\/wp\/v2\/pages\/423\/revisions"}],"predecessor-version":[{"id":2373,"href":"https:\/\/fz-wattstrasse.pfefferwerk.de\/index.php\/wp-json\/wp\/v2\/pages\/423\/revisions\/2373"}],"wp:attachment":[{"href":"https:\/\/fz-wattstrasse.pfefferwerk.de\/index.php\/wp-json\/wp\/v2\/media?parent=423"}],"curies":[{"name":"wp","href":"https:\/\/api.w.org\/{rel}","templated":true}]}}