{"id":1484,"date":"2021-08-26T10:46:49","date_gmt":"2021-08-26T08:46:49","guid":{"rendered":"https:\/\/fz-wattstrasse.pfefferwerk.de\/?page_id=1484"},"modified":"2023-05-30T11:03:47","modified_gmt":"2023-05-30T09:03:47","slug":"veranstaltugen","status":"publish","type":"page","link":"https:\/\/fz-wattstrasse.pfefferwerk.de\/index.php\/veranstaltugen\/","title":{"rendered":"VERANSTALTUNGEN"},"content":{"rendered":"<p>Eine Gesamt\u00fcbersicht \u00fcber unsere regelm\u00e4\u00dfigen Kurse und Workshops findet ihr auf dieser Webseite in der Rubrik <a href=\"https:\/\/fz-wattstrasse.pfefferwerk.de\/index.php\/wochenplan\/\">Wochenplan<\/a>. An dieser Stelle k\u00f6nnt ihr unsere Veranstaltungen und Angebote tagesaktuell und im Detail sehen.<\/p>\n<div id=\"mec_skin_1483\" class=\"mec-wrap colorskin-custom   mec-full-calendar-wrap\">\r\n\r\n    <div class=\"mec-search-form mec-totalcal-box\">\r\n                                    <div id=\"mec_search_form_1483\" class=\"\">\r\n\r\n            \r\n            <div class=\"mec-dropdown-wrap\">\r\n                                                                                                            <\/div>\r\n        <\/div>\r\n        <div id=\"mec_search_form_1483\">\r\n                                <\/div>\r\n        <div id=\"mec_search_form_1483\" class=\"mec-full-calendar-search-ends\">\r\n                            <div class=\"mec-text-input-search\"><i class=\"mec-sl-magnifier\"><\/i>\r\n                    <input type=\"search\" value=\"\" id=\"mec_sf_s_1483\" placeholder=\"\" \/>\r\n                <\/div>                                        <div class=\"mec-date-search\"><input type=\"hidden\" id=\"mec-filter-none\" value=\"W\u00e4hlen\"><i class=\"mec-sl-calendar\"><\/i>\r\n                    <select id=\"mec_sf_month_1483\">\r\n                        <option value=\"\">Select Month<\/option><option class=\"mec-none-item\" value=\"none\" selected=\"selected\">W\u00e4hlen<\/option><option value=\"01\">Januar<\/option><option value=\"02\">Februar<\/option><option value=\"03\">M\u00e4rz<\/option><option value=\"04\">April<\/option><option value=\"05\">Mai<\/option><option value=\"06\">Juni<\/option><option value=\"07\">Juli<\/option><option value=\"08\">August<\/option><option value=\"09\">September<\/option><option value=\"10\">Oktober<\/option><option value=\"11\">November<\/option><option value=\"12\">Dezember<\/option><\/select><select id=\"mec_sf_year_1483\"><option class=\"mec-none-item\" value=\"none\" selected=\"selected\">W\u00e4hlen<\/option><option value=\"2026\">2026<\/option><option value=\"2027\">2027<\/option><option value=\"2028\">2028<\/option><option value=\"2029\">2029<\/option><option value=\"2030\">2030<\/option><option value=\"2031\">2031<\/option><option value=\"2032\">2032<\/option><option value=\"2033\">2033<\/option><option value=\"2034\">2034<\/option><\/select><\/div>                                                <div class=\"col-md-12 mec-tab-loader\">\r\n                <div class=\"mec-totalcal-view\">\r\n                                        <span class=\"mec-totalcal-monthlyview\" data-skin=\"monthly\">Monatlich<\/span>                    <span class=\"mec-totalcal-weeklyview\" data-skin=\"weekly\">W\u00f6chentlich<\/span>                    <span class=\"mec-totalcal-dailyview\" data-skin=\"daily\">T\u00e4glich<\/span>                    <span class=\"mec-totalcal-listview mec-totalcalview-selected\" data-skin=\"list\">Liste<\/span>                    <span class=\"mec-totalcal-gridview\" data-skin=\"grid\">Raster<\/span>                    <span class=\"mec-totalcal-tileview\" data-skin=\"tile\">Kachel<\/span>                <\/div>\r\n            <\/div>\r\n        <\/div>\r\n            <\/div>\r\n\r\n    <div id=\"mec_full_calendar_container_1483\" class=\"mec-full-calendar-skin-container\">\r\n        <div class=\"mec-wrap mec-skin-list-container  \" id=\"mec_skin_1483\">\r\n    \r\n    \r\n        <div class=\"mec-skin-list-events-container\" id=\"mec_skin_events_1483\">\r\n        Keine Veranstaltung gefunden!    <\/div>\r\n        \r\n        \r\n<\/div>    <\/div>\r\n\r\n<\/div>\n","protected":false},"excerpt":{"rendered":"<p>Eine Gesamt\u00fcbersicht \u00fcber unsere regelm\u00e4\u00dfigen Kurse und Workshops findet ihr auf dieser Webseite in der Rubrik Wochenplan. An dieser Stelle k\u00f6nnt ihr unsere Veranstaltungen und Angebote tagesaktuell und im Detail &#8230; <a title=\"VERANSTALTUNGEN\" class=\"read-more\" href=\"https:\/\/fz-wattstrasse.pfefferwerk.de\/index.php\/veranstaltugen\/\" aria-label=\"Mehr Informationen \u00fcber VERANSTALTUNGEN\">Weiterlesen<\/a><\/p>\n","protected":false},"author":4,"featured_media":0,"parent":0,"menu_order":0,"comment_status":"closed","ping_status":"closed","template":"","meta":{"footnotes":""},"class_list":["post-1484","page","type-page","status-publish"],"_links":{"self":[{"href":"https:\/\/fz-wattstrasse.pfefferwerk.de\/index.php\/wp-json\/wp\/v2\/pages\/1484","targetHints":{"allow":["GET"]}}],"collection":[{"href":"https:\/\/fz-wattstrasse.pfefferwerk.de\/index.php\/wp-json\/wp\/v2\/pages"}],"about":[{"href":"https:\/\/fz-wattstrasse.pfefferwerk.de\/index.php\/wp-json\/wp\/v2\/types\/page"}],"author":[{"embeddable":true,"href":"https:\/\/fz-wattstrasse.pfefferwerk.de\/index.php\/wp-json\/wp\/v2\/users\/4"}],"replies":[{"embeddable":true,"href":"https:\/\/fz-wattstrasse.pfefferwerk.de\/index.php\/wp-json\/wp\/v2\/comments?post=1484"}],"version-history":[{"count":28,"href":"https:\/\/fz-wattstrasse.pfefferwerk.de\/index.php\/wp-json\/wp\/v2\/pages\/1484\/revisions"}],"predecessor-version":[{"id":1532,"href":"https:\/\/fz-wattstrasse.pfefferwerk.de\/index.php\/wp-json\/wp\/v2\/pages\/1484\/revisions\/1532"}],"wp:attachment":[{"href":"https:\/\/fz-wattstrasse.pfefferwerk.de\/index.php\/wp-json\/wp\/v2\/media?parent=1484"}],"curies":[{"name":"wp","href":"https:\/\/api.w.org\/{rel}","templated":true}]}}